                                                                                                                                                                                                                                                                                                                                                                                                                                                                   {"id":347,"date":"2022-02-16T22:31:11","date_gmt":"2022-02-16T22:31:11","guid":{"rendered":"http:\/\/tradbusiness.com\/?page_id=347"},"modified":"2022-02-17T21:41:27","modified_gmt":"2022-02-17T21:41:27","slug":"nos-partenaires","status":"publish","type":"page","link":"https:\/\/projects.zaki-dz.com\/tradbusiness\/fr\/nos-partenaires\/","title":{"rendered":"Nos partenaires"},"content":{"rendered":"\t\t<div data-elementor-type=\"wp-page\" data-elementor-id=\"347\" class=\"elementor elementor-347\">\n\t\t\t\t\t\t\t\t\t<section class=\"elementor-section elementor-top-section elementor-element elementor-element-16e7954d elementor-section-boxed elementor-section-height-default elementor-section-height-default\" data-id=\"16e7954d\" data-element_type=\"section\" data-settings=\"{&quot;background_background&quot;:&quot;classic&quot;}\">\n\t\t\t\t\t\t<div class=\"elementor-container elementor-column-gap-default\">\n\t\t\t\t\t<div class=\"elementor-column elementor-col-100 elementor-top-column elementor-element elementor-element-53bad428\" data-id=\"53bad428\" data-element_type=\"column\">\n\t\t\t<div class=\"elementor-widget-wrap elementor-element-populated\">\n\t\t\t\t\t\t\t\t<div class=\"elementor-element elementor-element-5dcdcde elementor-invisible elementor-widget elementor-widget-heading\" data-id=\"5dcdcde\" data-element_type=\"widget\" data-settings=\"{&quot;_animation&quot;:&quot;zoomIn&quot;}\" data-widget_type=\"heading.default\">\n\t\t\t\t<div class=\"elementor-widget-container\">\n\t\t\t<h1 class=\"elementor-heading-title elementor-size-xxl\">Nos Partenaires<\/h1>\t\t<\/div>\n\t\t\t\t<\/div>\n\t\t\t\t<div class=\"elementor-element elementor-element-47617a66 elementor-widget-divider--view-line elementor-invisible elementor-widget elementor-widget-divider\" data-id=\"47617a66\" data-element_type=\"widget\" data-settings=\"{&quot;_animation&quot;:&quot;zoomIn&quot;}\" data-widget_type=\"divider.default\">\n\t\t\t\t<div class=\"elementor-widget-container\">\n\t\t\t\t\t<div class=\"elementor-divider\">\n\t\t\t<span class=\"elementor-divider-separator\">\n\t\t\t\t\t\t<\/span>\n\t\t<\/div>\n\t\t\t\t<\/div>\n\t\t\t\t<\/div>\n\t\t\t\t<div class=\"elementor-element elementor-element-152c50f9 elementor-pagination-position-inside elementor-arrows-position-inside elementor-widget elementor-widget-image-carousel\" data-id=\"152c50f9\" data-element_type=\"widget\" data-settings=\"{&quot;slides_to_show&quot;:&quot;2&quot;,&quot;slides_to_scroll&quot;:&quot;1&quot;,&quot;navigation&quot;:&quot;both&quot;,&quot;autoplay&quot;:&quot;yes&quot;,&quot;pause_on_hover&quot;:&quot;yes&quot;,&quot;pause_on_interaction&quot;:&quot;yes&quot;,&quot;autoplay_speed&quot;:5000,&quot;infinite&quot;:&quot;yes&quot;,&quot;speed&quot;:500}\" data-widget_type=\"image-carousel.default\">\n\t\t\t\t<div class=\"elementor-widget-container\">\n\t\t\t\t\t<div class=\"elementor-image-carousel-wrapper swiper-container\" dir=\"ltr\">\n\t\t\t<div class=\"elementor-image-carousel swiper-wrapper\">\n\t\t\t\t\t\t\t\t<div class=\"swiper-slide\"><figure class=\"swiper-slide-inner\"><img decoding=\"async\" class=\"swiper-slide-image\" src=\"https:\/\/projects.zaki-dz.com\/tradbusiness\/wp-content\/uploads\/2022\/02\/1.jpg\" alt=\"1\" \/><\/figure><\/div><div class=\"swiper-slide\"><figure class=\"swiper-slide-inner\"><img decoding=\"async\" class=\"swiper-slide-image\" src=\"https:\/\/projects.zaki-dz.com\/tradbusiness\/wp-content\/uploads\/2022\/02\/2-300x181.jpg\" alt=\"2\" \/><\/figure><\/div>\t\t\t<\/div>\n\t\t\t\t\t\t\t\t\t\t\t\t<div class=\"swiper-pagination\"><\/div>\n\t\t\t\t\t\t\t\t\t\t\t\t\t<div class=\"elementor-swiper-button elementor-swiper-button-prev\">\n\t\t\t\t\t\t<i aria-hidden=\"true\" class=\"eicon-chevron-left\"><\/i>\t\t\t\t\t\t<span class=\"elementor-screen-only\">Previous<\/span>\n\t\t\t\t\t<\/div>\n\t\t\t\t\t<div class=\"elementor-swiper-button elementor-swiper-button-next\">\n\t\t\t\t\t\t<i aria-hidden=\"true\" class=\"eicon-chevron-right\"><\/i>\t\t\t\t\t\t<span class=\"elementor-screen-only\">Next<\/span>\n\t\t\t\t\t<\/div>\n\t\t\t\t\t\t\t\t\t<\/div>\n\t\t\t\t<\/div>\n\t\t\t\t<\/div>\n\t\t\t\t\t<\/div>\n\t\t<\/div>\n\t\t\t\t\t\t\t<\/div>\n\t\t<\/section>\n\t\t\t\t<section class=\"elementor-section elementor-top-section elementor-element elementor-element-698889de elementor-section-boxed elementor-section-height-default elementor-section-height-default\" data-id=\"698889de\" data-element_type=\"section\" data-settings=\"{&quot;background_background&quot;:&quot;classic&quot;}\">\n\t\t\t\t\t\t<div class=\"elementor-container elementor-column-gap-default\">\n\t\t\t\t\t<div class=\"elementor-column elementor-col-100 elementor-top-column elementor-element elementor-element-59f9dc88\" data-id=\"59f9dc88\" data-element_type=\"column\">\n\t\t\t<div class=\"elementor-widget-wrap elementor-element-populated\">\n\t\t\t\t\t\t\t\t<div class=\"elementor-element elementor-element-19eb545c elementor-widget elementor-widget-text-editor\" data-id=\"19eb545c\" data-element_type=\"widget\" data-widget_type=\"text-editor.default\">\n\t\t\t\t<div class=\"elementor-widget-container\">\n\t\t\t\t\t\t\t<p style=\"font-variant-ligatures: normal; font-variant-caps: normal; font-family: Roboto, sans-serif; font-size: 17px; font-style: normal; font-weight: 500; background-color: rgb(255, 255, 255);\">Nos alliances de partenaires ont rendu possible ,notre philosophie consistant \u00e0 obtenir une valeur exceptionnelle \u00e0 l\u2019\u00e9chelle mondiale dans chaque op\u00e9ration, en veillant \u00e0 ce que chaque exp\u00e9dition soit trait\u00e9e en d\u00e9tail, garantissant ainsi qu\u2019une op\u00e9ration r\u00e9ussie, en d\u00e9veloppant des relations \u00e0 long terme avec nos clients et fournisseurs, tout en garantissant toujours la confidentialit\u00e9, la transparence et un professionnalisme approche de chaque demande client.<\/p><p style=\"font-variant-ligatures: normal; font-variant-caps: normal; font-family: Roboto, sans-serif; font-size: 17px; font-style: normal; font-weight: 500; background-color: rgb(255, 255, 255);\">TIB-EZZIDANI ZIDANI est un expert-conseil en commerce international offrant les meilleures solutions pour les importations et exportations internationales de mati\u00e8res premi\u00e8res, contr\u00f4lant chaque d\u00e9tail du d\u00e9but \u00e0 la fin, jusqu\u2019\u00e0 ce que le produit soit livr\u00e9 et que nos clients soient enti\u00e8rement satisfaits.<\/p>\t\t\t\t\t\t<\/div>\n\t\t\t\t<\/div>\n\t\t\t\t\t<\/div>\n\t\t<\/div>\n\t\t\t\t\t\t\t<\/div>\n\t\t<\/section>\n\t\t\t\t\t\t\t<\/div>\n\t\t","protected":false},"excerpt":{"rendered":"<p>Nos Partenaires Pr\u00e9c\u00e9dent Suivant Nos alliances de partenaires ont rendu possible ,notre philosophie consistant \u00e0 obtenir une valeur exceptionnelle \u00e0 l\u2019\u00e9chelle mondiale dans chaque op\u00e9ration, en veillant \u00e0 ce que chaque exp\u00e9dition soit trait\u00e9e en d\u00e9tail, garantissant ainsi qu\u2019une op\u00e9ration r\u00e9ussie, en d\u00e9veloppant des relations \u00e0 long terme avec nos clients et fournisseurs, tout en [&hellip;]<\/p>\n","protected":false},"author":1,"featured_media":0,"parent":0,"menu_order":0,"comment_status":"closed","ping_status":"closed","template":"","meta":[],"_links":{"self":[{"href":"https:\/\/projects.zaki-dz.com\/tradbusiness\/wp-json\/wp\/v2\/pages\/347"}],"collection":[{"href":"https:\/\/projects.zaki-dz.com\/tradbusiness\/wp-json\/wp\/v2\/pages"}],"about":[{"href":"https:\/\/projects.zaki-dz.com\/tradbusiness\/wp-json\/wp\/v2\/types\/page"}],"author":[{"embeddable":true,"href":"https:\/\/projects.zaki-dz.com\/tradbusiness\/wp-json\/wp\/v2\/users\/1"}],"replies":[{"embeddable":true,"href":"https:\/\/projects.zaki-dz.com\/tradbusiness\/wp-json\/wp\/v2\/comments?post=347"}],"version-history":[{"count":4,"href":"https:\/\/projects.zaki-dz.com\/tradbusiness\/wp-json\/wp\/v2\/pages\/347\/revisions"}],"predecessor-version":[{"id":515,"href":"https:\/\/projects.zaki-dz.com\/tradbusiness\/wp-json\/wp\/v2\/pages\/347\/revisions\/515"}],"wp:attachment":[{"href":"https:\/\/projects.zaki-dz.com\/tradbusiness\/wp-json\/wp\/v2\/media?parent=347"}],"curies":[{"name":"wp","href":"https:\/\/api.w.org\/{rel}","templated":true}]}}