                                                                                                                                                                                                                                                                                                                                                                                                                                                                   {"id":355,"date":"2022-02-16T22:38:37","date_gmt":"2022-02-16T22:38:37","guid":{"rendered":"http:\/\/tradbusiness.com\/?page_id=355"},"modified":"2022-02-17T13:11:55","modified_gmt":"2022-02-17T13:11:55","slug":"qui-somme-nous-2","status":"publish","type":"page","link":"https:\/\/projects.zaki-dz.com\/tradbusiness\/fr\/qui-somme-nous-2\/","title":{"rendered":"Qui Somme Nous"},"content":{"rendered":"\t\t<div data-elementor-type=\"wp-page\" data-elementor-id=\"355\" class=\"elementor elementor-355\">\n\t\t\t\t\t\t\t\t\t<section class=\"elementor-section elementor-top-section elementor-element elementor-element-c5cbfb7 elementor-section-full_width elementor-section-stretched elementor-section-height-default elementor-section-height-default\" data-id=\"c5cbfb7\" data-element_type=\"section\" data-settings=\"{&quot;stretch_section&quot;:&quot;section-stretched&quot;,&quot;background_background&quot;:&quot;classic&quot;}\">\n\t\t\t\t\t\t<div class=\"elementor-container elementor-column-gap-default\">\n\t\t\t\t\t<div class=\"elementor-column elementor-col-33 elementor-top-column elementor-element elementor-element-af916e9\" data-id=\"af916e9\" data-element_type=\"column\">\n\t\t\t<div class=\"elementor-widget-wrap\">\n\t\t\t\t\t\t\t\t\t<\/div>\n\t\t<\/div>\n\t\t\t\t<div class=\"elementor-column elementor-col-33 elementor-top-column elementor-element elementor-element-a7a0e39\" data-id=\"a7a0e39\" data-element_type=\"column\">\n\t\t\t<div class=\"elementor-widget-wrap elementor-element-populated\">\n\t\t\t\t\t\t\t\t<div class=\"elementor-element elementor-element-19cbb62 elementor-widget elementor-widget-heading\" data-id=\"19cbb62\" data-element_type=\"widget\" data-widget_type=\"heading.default\">\n\t\t\t\t<div class=\"elementor-widget-container\">\n\t\t\t<h1 class=\"elementor-heading-title elementor-size-xxl\">Qui Somme Nous<\/h1>\t\t<\/div>\n\t\t\t\t<\/div>\n\t\t\t\t<div class=\"elementor-element elementor-element-d72022d elementor-widget-divider--view-line elementor-widget elementor-widget-divider\" data-id=\"d72022d\" data-element_type=\"widget\" data-widget_type=\"divider.default\">\n\t\t\t\t<div class=\"elementor-widget-container\">\n\t\t\t\t\t<div class=\"elementor-divider\">\n\t\t\t<span class=\"elementor-divider-separator\">\n\t\t\t\t\t\t<\/span>\n\t\t<\/div>\n\t\t\t\t<\/div>\n\t\t\t\t<\/div>\n\t\t\t\t<div class=\"elementor-element elementor-element-b7918cf elementor-widget elementor-widget-text-editor\" data-id=\"b7918cf\" data-element_type=\"widget\" data-widget_type=\"text-editor.default\">\n\t\t\t\t<div class=\"elementor-widget-container\">\n\t\t\t\t\t\t\t<p>\u00a0 \u00a0 \u00a0 \u00a0 \u00a0 Depuis nos d\u00e9buts en 2009, notre mission a \u00e9t\u00e9 de connecter les acheteurs avec les meilleurs fournisseurs de mati\u00e8res premi\u00e8res au monde. nos partenaires ont plus de 20 ans d\u2019exp\u00e9rience dans la r\u00e9alisation de transactions mondiales r\u00e9ussies d\u2019un mois \u00e0 l\u2019autre, ce qui se traduit par des transactions de produits de base r\u00e9ussies du d\u00e9but \u00e0 la fin.<\/p><p>\u00a0 \u00a0 \u00a0 \u00a0 \u00a0 \u00a0Nous avons actuellement quatre alliances solides dans lesquelles nous applaudissons l\u2019entraide et\u00a0accord de collaboration commerciale.<br \/>La relation entre les entreprises est une relation de confiance, de coop\u00e9ration et d\u2019op\u00e9rations pertinentes et significatives pour les mati\u00e8res premi\u00e8res. Les op\u00e9rations \u00e0 l\u2019ordre du jour totalisent environ\u00a012 000 000 MT par mois entre le soja, le ma\u00efs, le sucre, les prot\u00e9ines, etc. Toutes les op\u00e9rations et\u00a0 proc\u00e9dures sont strictement suivies.<br \/><br \/><strong>\u00a0 \u00a0 \u00a0 \u00a0 \u00a0 \u00a0<\/strong><strong>TIB-EZZIDANI ZIDANI<\/strong> accomplit notre mission en s\u2019adressant \u00e0 un vaste r\u00e9seau international des contacts afin de maximiser notre capacit\u00e9 \u00e0 ex\u00e9cuter rapidement et efficacement des contrats de vente \u00e0 partir de produits fournis dans le monde entier, en r\u00e9pondant aux demandes et aux pr\u00e9f\u00e9rences des clients. Nous sommes autoris\u00e9s \u00e0 repr\u00e9senter les fournisseurs de chaque produit que nous proposons.\u00a0TIB-EZZIDANI ZIDANI\u00a0s\u2019engage \u00e0 op\u00e9rer de la mani\u00e8re la plus \u00e9thique avec tous nos clients et partenaires commerciaux, tout en offrant une excellence professionnelle dans la prestation de tous nos services.<\/p><p>\u00a0 \u00a0 \u00a0 \u00a0 \u00a0 \u00a0 \u00a0 Nous avons des alliances avec le ROYAUME-UNI, DUBA\u00cf, les \u00c9tats-Unis, la NORV\u00c8GE, le BR\u00c9SIL, l\u2019ESPAGNE,\u00a0MEXIQUE, AFRIQUE &amp; ASIE<\/p>\t\t\t\t\t\t<\/div>\n\t\t\t\t<\/div>\n\t\t\t\t\t<\/div>\n\t\t<\/div>\n\t\t\t\t<div class=\"elementor-column elementor-col-33 elementor-top-column elementor-element elementor-element-a165ed8\" data-id=\"a165ed8\" data-element_type=\"column\">\n\t\t\t<div class=\"elementor-widget-wrap\">\n\t\t\t\t\t\t\t\t\t<\/div>\n\t\t<\/div>\n\t\t\t\t\t\t\t<\/div>\n\t\t<\/section>\n\t\t\t\t\t\t\t<\/div>\n\t\t","protected":false},"excerpt":{"rendered":"<p>Qui Somme Nous \u00a0 \u00a0 \u00a0 \u00a0 \u00a0 Depuis nos d\u00e9buts en 2009, notre mission a \u00e9t\u00e9 de connecter les acheteurs avec les meilleurs fournisseurs de mati\u00e8res premi\u00e8res au monde. nos partenaires ont plus de 20 ans d\u2019exp\u00e9rience dans la r\u00e9alisation de transactions mondiales r\u00e9ussies d\u2019un mois \u00e0 l\u2019autre, ce qui se traduit par des [&hellip;]<\/p>\n","protected":false},"author":1,"featured_media":0,"parent":0,"menu_order":0,"comment_status":"closed","ping_status":"closed","template":"","meta":[],"_links":{"self":[{"href":"https:\/\/projects.zaki-dz.com\/tradbusiness\/wp-json\/wp\/v2\/pages\/355"}],"collection":[{"href":"https:\/\/projects.zaki-dz.com\/tradbusiness\/wp-json\/wp\/v2\/pages"}],"about":[{"href":"https:\/\/projects.zaki-dz.com\/tradbusiness\/wp-json\/wp\/v2\/types\/page"}],"author":[{"embeddable":true,"href":"https:\/\/projects.zaki-dz.com\/tradbusiness\/wp-json\/wp\/v2\/users\/1"}],"replies":[{"embeddable":true,"href":"https:\/\/projects.zaki-dz.com\/tradbusiness\/wp-json\/wp\/v2\/comments?post=355"}],"version-history":[{"count":7,"href":"https:\/\/projects.zaki-dz.com\/tradbusiness\/wp-json\/wp\/v2\/pages\/355\/revisions"}],"predecessor-version":[{"id":478,"href":"https:\/\/projects.zaki-dz.com\/tradbusiness\/wp-json\/wp\/v2\/pages\/355\/revisions\/478"}],"wp:attachment":[{"href":"https:\/\/projects.zaki-dz.com\/tradbusiness\/wp-json\/wp\/v2\/media?parent=355"}],"curies":[{"name":"wp","href":"https:\/\/api.w.org\/{rel}","templated":true}]}}